{"id":1066,"date":"2025-06-21T11:39:52","date_gmt":"2025-06-21T09:39:52","guid":{"rendered":"https:\/\/www.quatrevingtdouze.fr\/?page_id=1066"},"modified":"2026-02-02T11:37:33","modified_gmt":"2026-02-02T10:37:33","slug":"et-le-sport","status":"publish","type":"page","link":"https:\/\/www.quatrevingtdouze.fr\/index.php\/et-le-sport\/","title":{"rendered":"\/Et le sport?"},"content":{"rendered":"\n<figure class=\"wp-block-image size-large is-resized\"><img loading=\"lazy\" decoding=\"async\" width=\"1024\" height=\"576\" src=\"https:\/\/www.quatrevingtdouze.fr\/wp-content\/uploads\/2024\/09\/Affiche_Maxim_Pauty_v4_paysage-1024x576.jpg\" alt=\"\" class=\"wp-image-1025\" style=\"width:490px;height:auto\" srcset=\"https:\/\/www.quatrevingtdouze.fr\/wp-content\/uploads\/2024\/09\/Affiche_Maxim_Pauty_v4_paysage-1024x576.jpg 1024w, https:\/\/www.quatrevingtdouze.fr\/wp-content\/uploads\/2024\/09\/Affiche_Maxim_Pauty_v4_paysage-300x169.jpg 300w, https:\/\/www.quatrevingtdouze.fr\/wp-content\/uploads\/2024\/09\/Affiche_Maxim_Pauty_v4_paysage-768x432.jpg 768w, https:\/\/www.quatrevingtdouze.fr\/wp-content\/uploads\/2024\/09\/Affiche_Maxim_Pauty_v4_paysage-1536x864.jpg 1536w, https:\/\/www.quatrevingtdouze.fr\/wp-content\/uploads\/2024\/09\/Affiche_Maxim_Pauty_v4_paysage.jpg 1920w\" sizes=\"auto, (max-width: 1024px) 100vw, 1024px\" \/><\/figure>\n\n\n\n<p>Chez Quatrevingtdouze, le sport fait partie int\u00e9grante de notre culture. C\u2019est une passion partag\u00e9e par les collaborateurs, que ce soit dans leur quotidien \u2014 en venant travailler \u00e0 v\u00e9lo \u2014 ou dans leur vie personnelle. L\u2019agence vit au rythme des petits et grands \u00e9v\u00e9nements sportifs et s\u2019en inspire.<\/p>\n\n\n\n<p>\u00c0 l\u2019occasion des Jeux Olympiques de Paris 2024, nous avons eu l\u2019opportunit\u00e9 de nous engager dans cette aventure exceptionnelle. Nous avons suivi Maxime Pauty, champion olympique de fleuret par \u00e9quipe \u00e0 Tokyo, dans sa pr\u00e9paration vers une nouvelle m\u00e9daille. Ce parcours, \u00e0 la fois humain et sportif, nous a conduits jusqu\u2019\u00e0 la m\u00e9daille de bronze d\u00e9croch\u00e9e par l\u2019\u00e9quipe de France au Grand Palais.<\/p>\n\n\n\n<p><\/p>\n\n\n<div class=\"wp-block-image\">\n<figure class=\"alignleft size-large is-resized\"><img loading=\"lazy\" decoding=\"async\" width=\"1024\" height=\"646\" src=\"https:\/\/www.quatrevingtdouze.fr\/wp-content\/uploads\/2025\/06\/Avant-premiere-Maxime-1024x646.jpg\" alt=\"\" class=\"wp-image-1074\" style=\"width:268px;height:auto\" srcset=\"https:\/\/www.quatrevingtdouze.fr\/wp-content\/uploads\/2025\/06\/Avant-premiere-Maxime-1024x646.jpg 1024w, https:\/\/www.quatrevingtdouze.fr\/wp-content\/uploads\/2025\/06\/Avant-premiere-Maxime-300x189.jpg 300w, https:\/\/www.quatrevingtdouze.fr\/wp-content\/uploads\/2025\/06\/Avant-premiere-Maxime-768x485.jpg 768w, https:\/\/www.quatrevingtdouze.fr\/wp-content\/uploads\/2025\/06\/Avant-premiere-Maxime.jpg 1242w\" sizes=\"auto, (max-width: 1024px) 100vw, 1024px\" \/><\/figure>\n<\/div>\n\n\n<p>De cette aventure est n\u00e9 un documentaire de 52 minutes : <strong><a href=\"https:\/\/www.youtube.com\/watch?v=S-e-rySd44U\">\u00ab Maxime PAUTY \u2013 \u00c0 la crois\u00e9e des r\u00eaves \u00bb<\/a><\/strong>, disponible en exclusivit\u00e9 sur la plateforme <strong><a href=\"https:\/\/www.max.com\/fr\/fr\/movies\/maxime-pauty-a-la-croisee-des-reves\/869bdd62-6885-41bf-a253-507db97cb2c3\">MAX<\/a><\/strong>, apr\u00e8s sa diffusion sur <strong><a href=\"https:\/\/www.eurosport.fr\/\">Eurosport<\/a><\/strong> le 27 d\u00e9cembre 2024 et une avant-premi\u00e8re quelques semaines plus t\u00f4t.<\/p>\n\n\n\n<p>Au-del\u00e0 de nos activit\u00e9s de communication et de concertation, cette exp\u00e9rience a renforc\u00e9 notre envie de d\u00e9velopper de nouveaux projets audiovisuels autour du sport, pour continuer \u00e0 explorer et faire rayonner ses valeurs.<\/p>\n\n\n\n<p>Quatrevingtdouze d\u00e9veloppe actuellement d&#8217;autres projets autour de la pratique sportive et \u00e0 ce titre est membre de la <a href=\"https:\/\/www.entreprises.cci-paris-idf.fr\/web\/cci92\/lancement-du-club-team-hauts-de-seine-entreprises\">team Hauts-de-Seine entreprises<\/a>. Ce club d&#8217;affaires innovant, con\u00e7u pour les dirigeants et leurs collaborateurs, a pour vocation de favoriser les \u00e9changes professionnels tout en int\u00e9grant la pratique sportive dans la vie quotidienne de l\u2019entreprise.<\/p>\n\n\n\n<p>Vous souhaitez en savoir plus ou partagez un projet autour du sport ?<\/p>\n\n\n\n<div class=\"wp-block-buttons is-layout-flex wp-block-buttons-is-layout-flex\">\n<div class=\"wp-block-button\"><a class=\"wp-block-button__link wp-element-button\" href=\"https:\/\/www.quatrevingtdouze.fr\/index.php\/contact\/\" target=\"_blank\" rel=\"noreferrer noopener\">Contactez-nous<\/a><\/div>\n<\/div>\n\n\n\n<p><\/p>\n","protected":false},"excerpt":{"rendered":"<p>Chez Quatrevingtdouze, le sport fait partie int\u00e9grante de notre culture. C\u2019est une passion partag\u00e9e par les collaborateurs, que ce soit dans leur quotidien \u2014 en venant travailler \u00e0 v\u00e9lo \u2014 &#8230;<\/p>\n","protected":false},"author":1,"featured_media":0,"parent":0,"menu_order":0,"comment_status":"closed","ping_status":"closed","template":"","meta":{"_exactmetrics_skip_tracking":false,"_exactmetrics_sitenote_active":false,"_exactmetrics_sitenote_note":"","_exactmetrics_sitenote_category":0,"footnotes":""},"class_list":["post-1066","page","type-page","status-publish","hentry"],"yoast_head":"<!-- This site is optimized with the Yoast SEO plugin v27.4 - https:\/\/yoast.com\/product\/yoast-seo-wordpress\/ -->\n<title>\/Et le sport? - Quatrevingtdouze<\/title>\n<meta name=\"description\" content=\"Quatrevingtdouze : Nous cr\u00e9ons les images qui construisent votre image\" \/>\n<meta name=\"robots\" content=\"index, follow, max-snippet:-1, max-image-preview:large, max-video-preview:-1\" \/>\n<link rel=\"canonical\" href=\"https:\/\/www.quatrevingtdouze.fr\/index.php\/et-le-sport\/\" \/>\n<meta property=\"og:locale\" content=\"en_US\" \/>\n<meta property=\"og:type\" content=\"article\" \/>\n<meta property=\"og:title\" content=\"\/Et le sport? - Quatrevingtdouze\" \/>\n<meta property=\"og:description\" content=\"Quatrevingtdouze : Nous cr\u00e9ons les images qui construisent votre image\" \/>\n<meta property=\"og:url\" content=\"https:\/\/www.quatrevingtdouze.fr\/index.php\/et-le-sport\/\" \/>\n<meta property=\"og:site_name\" content=\"Quatrevingtdouze\" \/>\n<meta property=\"article:modified_time\" content=\"2026-02-02T10:37:33+00:00\" \/>\n<meta property=\"og:image\" content=\"https:\/\/www.quatrevingtdouze.fr\/wp-content\/uploads\/2024\/09\/Affiche_Maxim_Pauty_v4_paysage.jpg\" \/>\n\t<meta property=\"og:image:width\" content=\"1920\" \/>\n\t<meta property=\"og:image:height\" content=\"1080\" \/>\n\t<meta property=\"og:image:type\" content=\"image\/jpeg\" \/>\n<meta name=\"twitter:card\" content=\"summary_large_image\" \/>\n<meta name=\"twitter:site\" content=\"@Quatrevingtdouz\" \/>\n<meta name=\"twitter:label1\" content=\"Est. reading time\" \/>\n\t<meta name=\"twitter:data1\" content=\"2 minutes\" \/>\n<script type=\"application\/ld+json\" class=\"yoast-schema-graph\">{\"@context\":\"https:\\\/\\\/schema.org\",\"@graph\":[{\"@type\":\"WebPage\",\"@id\":\"https:\\\/\\\/www.quatrevingtdouze.fr\\\/index.php\\\/et-le-sport\\\/\",\"url\":\"https:\\\/\\\/www.quatrevingtdouze.fr\\\/index.php\\\/et-le-sport\\\/\",\"name\":\"\\\/Et le sport? - Quatrevingtdouze\",\"isPartOf\":{\"@id\":\"https:\\\/\\\/www.quatrevingtdouze.fr\\\/#website\"},\"primaryImageOfPage\":{\"@id\":\"https:\\\/\\\/www.quatrevingtdouze.fr\\\/index.php\\\/et-le-sport\\\/#primaryimage\"},\"image\":{\"@id\":\"https:\\\/\\\/www.quatrevingtdouze.fr\\\/index.php\\\/et-le-sport\\\/#primaryimage\"},\"thumbnailUrl\":\"https:\\\/\\\/www.quatrevingtdouze.fr\\\/wp-content\\\/uploads\\\/2024\\\/09\\\/Affiche_Maxim_Pauty_v4_paysage-1024x576.jpg\",\"datePublished\":\"2025-06-21T09:39:52+00:00\",\"dateModified\":\"2026-02-02T10:37:33+00:00\",\"description\":\"Quatrevingtdouze : Nous cr\u00e9ons les images qui construisent votre image\",\"breadcrumb\":{\"@id\":\"https:\\\/\\\/www.quatrevingtdouze.fr\\\/index.php\\\/et-le-sport\\\/#breadcrumb\"},\"inLanguage\":\"en-US\",\"potentialAction\":[{\"@type\":\"ReadAction\",\"target\":[\"https:\\\/\\\/www.quatrevingtdouze.fr\\\/index.php\\\/et-le-sport\\\/\"]}]},{\"@type\":\"ImageObject\",\"inLanguage\":\"en-US\",\"@id\":\"https:\\\/\\\/www.quatrevingtdouze.fr\\\/index.php\\\/et-le-sport\\\/#primaryimage\",\"url\":\"https:\\\/\\\/www.quatrevingtdouze.fr\\\/wp-content\\\/uploads\\\/2024\\\/09\\\/Affiche_Maxim_Pauty_v4_paysage.jpg\",\"contentUrl\":\"https:\\\/\\\/www.quatrevingtdouze.fr\\\/wp-content\\\/uploads\\\/2024\\\/09\\\/Affiche_Maxim_Pauty_v4_paysage.jpg\",\"width\":1920,\"height\":1080},{\"@type\":\"BreadcrumbList\",\"@id\":\"https:\\\/\\\/www.quatrevingtdouze.fr\\\/index.php\\\/et-le-sport\\\/#breadcrumb\",\"itemListElement\":[{\"@type\":\"ListItem\",\"position\":1,\"name\":\"Accueil\",\"item\":\"https:\\\/\\\/www.quatrevingtdouze.fr\\\/\"},{\"@type\":\"ListItem\",\"position\":2,\"name\":\"\\\/Et le sport?\"}]},{\"@type\":\"WebSite\",\"@id\":\"https:\\\/\\\/www.quatrevingtdouze.fr\\\/#website\",\"url\":\"https:\\\/\\\/www.quatrevingtdouze.fr\\\/\",\"name\":\"Quatrevingtdouze\",\"description\":\"Nous cr\u00e9ons les images qui construisent votre image\",\"publisher\":{\"@id\":\"https:\\\/\\\/www.quatrevingtdouze.fr\\\/#organization\"},\"potentialAction\":[{\"@type\":\"SearchAction\",\"target\":{\"@type\":\"EntryPoint\",\"urlTemplate\":\"https:\\\/\\\/www.quatrevingtdouze.fr\\\/?s={search_term_string}\"},\"query-input\":{\"@type\":\"PropertyValueSpecification\",\"valueRequired\":true,\"valueName\":\"search_term_string\"}}],\"inLanguage\":\"en-US\"},{\"@type\":\"Organization\",\"@id\":\"https:\\\/\\\/www.quatrevingtdouze.fr\\\/#organization\",\"name\":\"Quatrevingtdouze\",\"url\":\"https:\\\/\\\/www.quatrevingtdouze.fr\\\/\",\"logo\":{\"@type\":\"ImageObject\",\"inLanguage\":\"en-US\",\"@id\":\"https:\\\/\\\/www.quatrevingtdouze.fr\\\/#\\\/schema\\\/logo\\\/image\\\/\",\"url\":\"https:\\\/\\\/www.quatrevingtdouze.fr\\\/wp-content\\\/uploads\\\/2018\\\/05\\\/Logo-Quatrevingtdouze.jpg\",\"contentUrl\":\"https:\\\/\\\/www.quatrevingtdouze.fr\\\/wp-content\\\/uploads\\\/2018\\\/05\\\/Logo-Quatrevingtdouze.jpg\",\"width\":170,\"height\":96,\"caption\":\"Quatrevingtdouze\"},\"image\":{\"@id\":\"https:\\\/\\\/www.quatrevingtdouze.fr\\\/#\\\/schema\\\/logo\\\/image\\\/\"},\"sameAs\":[\"https:\\\/\\\/x.com\\\/Quatrevingtdouz\",\"https:\\\/\\\/www.instagram.com\\\/quatrevingtdouz\\\/\",\"https:\\\/\\\/www.quatrevingtdouze.fr\\\/linkedin.com\\\/in\\\/david-paget\",\"https:\\\/\\\/www.youtube.com\\\/channel\\\/UCz3H2-oQOT36aUJxtkAiWLQ\\\/featured?view_as=public\"]}]}<\/script>\n<!-- \/ Yoast SEO plugin. -->","yoast_head_json":{"title":"\/Et le sport? - Quatrevingtdouze","description":"Quatrevingtdouze : Nous cr\u00e9ons les images qui construisent votre image","robots":{"index":"index","follow":"follow","max-snippet":"max-snippet:-1","max-image-preview":"max-image-preview:large","max-video-preview":"max-video-preview:-1"},"canonical":"https:\/\/www.quatrevingtdouze.fr\/index.php\/et-le-sport\/","og_locale":"en_US","og_type":"article","og_title":"\/Et le sport? - Quatrevingtdouze","og_description":"Quatrevingtdouze : Nous cr\u00e9ons les images qui construisent votre image","og_url":"https:\/\/www.quatrevingtdouze.fr\/index.php\/et-le-sport\/","og_site_name":"Quatrevingtdouze","article_modified_time":"2026-02-02T10:37:33+00:00","og_image":[{"width":1920,"height":1080,"url":"https:\/\/www.quatrevingtdouze.fr\/wp-content\/uploads\/2024\/09\/Affiche_Maxim_Pauty_v4_paysage.jpg","type":"image\/jpeg"}],"twitter_card":"summary_large_image","twitter_site":"@Quatrevingtdouz","twitter_misc":{"Est. reading time":"2 minutes"},"schema":{"@context":"https:\/\/schema.org","@graph":[{"@type":"WebPage","@id":"https:\/\/www.quatrevingtdouze.fr\/index.php\/et-le-sport\/","url":"https:\/\/www.quatrevingtdouze.fr\/index.php\/et-le-sport\/","name":"\/Et le sport? - Quatrevingtdouze","isPartOf":{"@id":"https:\/\/www.quatrevingtdouze.fr\/#website"},"primaryImageOfPage":{"@id":"https:\/\/www.quatrevingtdouze.fr\/index.php\/et-le-sport\/#primaryimage"},"image":{"@id":"https:\/\/www.quatrevingtdouze.fr\/index.php\/et-le-sport\/#primaryimage"},"thumbnailUrl":"https:\/\/www.quatrevingtdouze.fr\/wp-content\/uploads\/2024\/09\/Affiche_Maxim_Pauty_v4_paysage-1024x576.jpg","datePublished":"2025-06-21T09:39:52+00:00","dateModified":"2026-02-02T10:37:33+00:00","description":"Quatrevingtdouze : Nous cr\u00e9ons les images qui construisent votre image","breadcrumb":{"@id":"https:\/\/www.quatrevingtdouze.fr\/index.php\/et-le-sport\/#breadcrumb"},"inLanguage":"en-US","potentialAction":[{"@type":"ReadAction","target":["https:\/\/www.quatrevingtdouze.fr\/index.php\/et-le-sport\/"]}]},{"@type":"ImageObject","inLanguage":"en-US","@id":"https:\/\/www.quatrevingtdouze.fr\/index.php\/et-le-sport\/#primaryimage","url":"https:\/\/www.quatrevingtdouze.fr\/wp-content\/uploads\/2024\/09\/Affiche_Maxim_Pauty_v4_paysage.jpg","contentUrl":"https:\/\/www.quatrevingtdouze.fr\/wp-content\/uploads\/2024\/09\/Affiche_Maxim_Pauty_v4_paysage.jpg","width":1920,"height":1080},{"@type":"BreadcrumbList","@id":"https:\/\/www.quatrevingtdouze.fr\/index.php\/et-le-sport\/#breadcrumb","itemListElement":[{"@type":"ListItem","position":1,"name":"Accueil","item":"https:\/\/www.quatrevingtdouze.fr\/"},{"@type":"ListItem","position":2,"name":"\/Et le sport?"}]},{"@type":"WebSite","@id":"https:\/\/www.quatrevingtdouze.fr\/#website","url":"https:\/\/www.quatrevingtdouze.fr\/","name":"Quatrevingtdouze","description":"Nous cr\u00e9ons les images qui construisent votre image","publisher":{"@id":"https:\/\/www.quatrevingtdouze.fr\/#organization"},"potentialAction":[{"@type":"SearchAction","target":{"@type":"EntryPoint","urlTemplate":"https:\/\/www.quatrevingtdouze.fr\/?s={search_term_string}"},"query-input":{"@type":"PropertyValueSpecification","valueRequired":true,"valueName":"search_term_string"}}],"inLanguage":"en-US"},{"@type":"Organization","@id":"https:\/\/www.quatrevingtdouze.fr\/#organization","name":"Quatrevingtdouze","url":"https:\/\/www.quatrevingtdouze.fr\/","logo":{"@type":"ImageObject","inLanguage":"en-US","@id":"https:\/\/www.quatrevingtdouze.fr\/#\/schema\/logo\/image\/","url":"https:\/\/www.quatrevingtdouze.fr\/wp-content\/uploads\/2018\/05\/Logo-Quatrevingtdouze.jpg","contentUrl":"https:\/\/www.quatrevingtdouze.fr\/wp-content\/uploads\/2018\/05\/Logo-Quatrevingtdouze.jpg","width":170,"height":96,"caption":"Quatrevingtdouze"},"image":{"@id":"https:\/\/www.quatrevingtdouze.fr\/#\/schema\/logo\/image\/"},"sameAs":["https:\/\/x.com\/Quatrevingtdouz","https:\/\/www.instagram.com\/quatrevingtdouz\/","https:\/\/www.quatrevingtdouze.fr\/linkedin.com\/in\/david-paget","https:\/\/www.youtube.com\/channel\/UCz3H2-oQOT36aUJxtkAiWLQ\/featured?view_as=public"]}]}},"_links":{"self":[{"href":"https:\/\/www.quatrevingtdouze.fr\/index.php\/wp-json\/wp\/v2\/pages\/1066","targetHints":{"allow":["GET"]}}],"collection":[{"href":"https:\/\/www.quatrevingtdouze.fr\/index.php\/wp-json\/wp\/v2\/pages"}],"about":[{"href":"https:\/\/www.quatrevingtdouze.fr\/index.php\/wp-json\/wp\/v2\/types\/page"}],"author":[{"embeddable":true,"href":"https:\/\/www.quatrevingtdouze.fr\/index.php\/wp-json\/wp\/v2\/users\/1"}],"replies":[{"embeddable":true,"href":"https:\/\/www.quatrevingtdouze.fr\/index.php\/wp-json\/wp\/v2\/comments?post=1066"}],"version-history":[{"count":12,"href":"https:\/\/www.quatrevingtdouze.fr\/index.php\/wp-json\/wp\/v2\/pages\/1066\/revisions"}],"predecessor-version":[{"id":1115,"href":"https:\/\/www.quatrevingtdouze.fr\/index.php\/wp-json\/wp\/v2\/pages\/1066\/revisions\/1115"}],"wp:attachment":[{"href":"https:\/\/www.quatrevingtdouze.fr\/index.php\/wp-json\/wp\/v2\/media?parent=1066"}],"curies":[{"name":"wp","href":"https:\/\/api.w.org\/{rel}","templated":true}]}}