{"id":68,"date":"2018-05-07T11:45:54","date_gmt":"2018-05-07T09:45:54","guid":{"rendered":"http:\/\/www.quatrevingtdouze.fr\/?page_id=68"},"modified":"2023-12-15T23:39:58","modified_gmt":"2023-12-15T22:39:58","slug":"mentions-legales","status":"publish","type":"page","link":"https:\/\/www.quatrevingtdouze.fr\/index.php\/mentions-legales\/","title":{"rendered":"Mentions l\u00e9gales"},"content":{"rendered":"<p>I \u2013 PR\u00c9AMBULE<br \/>\nLe site www.quatrevingtdouze.fr est destin\u00e9 \u00e0 informer le public sur l\u2019actualit\u00e9 du service propos\u00e9e par la soci\u00e9t\u00e9 Quatrevingtdouze.<\/p>\n<p>Les pr\u00e9sentes conditions g\u00e9n\u00e9rales d\u00e9finissent les conditions d\u2019utilisation par les Utilisateurs du site <span style=\"display: inline !important; float: none; background-color: transparent; color: #555555; cursor: text; font-family: 'Open Sans',Helvetica,Arial,sans-serif; font-size: 16px; font-style: normal; font-variant: normal; font-weight: 400; letter-spacing: normal; orphans: 2; text-align: left; text-decoration: none; text-indent: 0px; text-transform: none; -webkit-text-stroke-width: 0px; white-space: normal; word-spacing: 0px;\">www.quatrevingtdouze.fr<\/span> et des diff\u00e9rents services propos\u00e9s.<\/p>\n<p>L\u2019utilisation ou l\u2019acc\u00e8s au site <span style=\"display: inline !important; float: none; background-color: transparent; color: #555555; cursor: text; font-family: 'Open Sans',Helvetica,Arial,sans-serif; font-size: 16px; font-style: normal; font-variant: normal; font-weight: 400; letter-spacing: normal; orphans: 2; text-align: left; text-decoration: none; text-indent: 0px; text-transform: none; -webkit-text-stroke-width: 0px; white-space: normal; word-spacing: 0px;\">www.quatrevingtdouze.fr<\/span> et aux services propos\u00e9s impliquent l\u2019acceptation sans r\u00e9serve ni restriction des pr\u00e9sentes conditions g\u00e9n\u00e9rales d\u2019utilisation.<\/p>\n<p>Le Directeur de la publication du site <span style=\"display: inline !important; float: none; background-color: transparent; color: #555555; cursor: text; font-family: 'Open Sans',Helvetica,Arial,sans-serif; font-size: 16px; font-style: normal; font-variant: normal; font-weight: 400; letter-spacing: normal; orphans: 2; text-align: left; text-decoration: none; text-indent: 0px; text-transform: none; -webkit-text-stroke-width: 0px; white-space: normal; word-spacing: 0px;\">www.quatrevingtdouze.fr<\/span> est : Monsieur David Paget \u2013 G\u00e9rant de la soci\u00e9t\u00e9 Quatrevingtdouze<br \/>\nQUATREVINGTDOUZE \u2013 SARL au capital de 7 622 \u20ac \u2013 RCS Nanterre B388987737<br \/>\n121, Rue d&#8217;Aguesseau \u2013 92100 Boulogne Billancourt \u2013 France<br \/>\nContact : contact@quatrevingtdouze.fr<br \/>\nCr\u00e9dit photos : les photos utilis\u00e9es sont issues de la soci\u00e9t\u00e9 Quatrevingtdouze et du site www.fotolia.fr .<\/p>\n<p>Conception \u2013 R\u00e9alisation du site web<br \/>\n\u00e0 partir de OnePress th\u00e8me par FameThemes. Traduit par Wp Trads.<br \/>\nQUATREVINGTDOUZE \u2013 121, Rue d&#8217;Aguesseau \u2013 92100 Boulogne Billancourt \u2013 France<br \/>\nRCS Nanterre B388987737 \u2013 Code APE 7022 Z<br \/>\nT\u00e9l : +33 1 48 25 01 42<br \/>\nwww.quatrevingtdouze.fr<\/p>\n<p>H\u00e9bergement web<br \/>\nLe site est h\u00e9berg\u00e9 sur les mat\u00e9riels informatiques de la Soci\u00e9t\u00e9 OVH.<br \/>\nSAS au capital de 10 069 020 \u20ac<br \/>\nRCS Lille M\u00e9tropole 424 761 419 00045<br \/>\nCode APE 2620Z<br \/>\nN\u00b0 TVA : FR 22 424 761 419<br \/>\nSi\u00e8ge social : 2 rue Kellermann &#8211; 59100 Roubaix \u2013 France<\/p>\n<p>II \u2013 D\u00c9FINITIONS<br \/>\nCNIL<br \/>\nD\u00e9signe la Commission Nationale de l\u2019Informatique et des Libert\u00e9s.<\/p>\n<p>Utilisateur<br \/>\nD\u00e9signe toute personne utilisant l\u2019un des Services propos\u00e9s par le Site.<br \/>\nServices \/ Offres<br \/>\nD\u00e9signe les diff\u00e9rents services et offres commerciales propos\u00e9s par la soci\u00e9t\u00e9 Quatrevingtdouze tels qu\u2019ils figurent \u00e0 l\u2019article IV \u00ab Informations sur les Services propos\u00e9s \u00bb.<\/p>\n<p>Site<br \/>\nD\u00e9signe le site Internet \u00e0 partir duquel l\u2019Utilisateur acc\u00e8de aux informations et services propos\u00e9s par la soci\u00e9t\u00e9 Quatrevingtdouze.<\/p>\n<p>III \u2013 PROTECTION DES DONN\u00c9ES \u00c0 CARACT\u00c8RE PERSONNEL<br \/>\nConform\u00e9ment \u00e0 la loi fran\u00e7aise \u00ab Informatique et Libert\u00e9s \u00bb n\u00b0 78-17 du 6 janvier 1978 et, au niveau europ\u00e9en, de la Directive 95\/46\/CE du 24 octobre 1995 sur la protection des donn\u00e9es personnelles et de la vie priv\u00e9e, l\u2019Utilisateur peut demander \u00e0 acc\u00e9der, faire modifier, faire rectifier ou faire supprimer les donn\u00e9es le concernant conserv\u00e9es par la soci\u00e9t\u00e9 Quatrevingtdouze en envoyant un courrier \u00e0 l\u2019adresse suivante : Quatrevingtdouze 121, Rue d&#8217;Aguesseau 92100 Boulogne-Billancourt.<\/p>\n<p>IV \u2013 ACC\u00c8S AUX SERVICES ET OFFRES PROPOS\u00c9S SUR LE SITE<br \/>\nLes Services et les diff\u00e9rentes Offres propos\u00e9s par la soci\u00e9t\u00e9 Quatrevingtdouze sont accessibles gratuitement (\u00e0 l\u2019exception du co\u00fbt de connexion) \u00e0 tout Utilisateur disposant d\u2019un acc\u00e8s \u00e0 internet. Tous les co\u00fbts aff\u00e9rents \u00e0 l\u2019acc\u00e8s aux Services et aux Offres, que ce soient les frais mat\u00e9riels, logiciels ou d\u2019acc\u00e8s \u00e0 internet sont exclusivement \u00e0 la charge de l\u2019Utilisateur qui est seul responsable du bon fonctionnement de son \u00e9quipement informatique ainsi que de son acc\u00e8s \u00e0 internet.<br \/>\nLa soci\u00e9t\u00e9 Quatrevingtdouze se r\u00e9serve le droit de refuser l\u2019acc\u00e8s \u00e0 tout ou partie des Services et des Offres, unilat\u00e9ralement et sans notification pr\u00e9alable, \u00e0 tout Utilisateur ne respectant pas les pr\u00e9sentes conditions g\u00e9n\u00e9rales d\u2019utilisation.<br \/>\nLes Utilisateurs s\u2019engagent \u00e0 ne pas copier, modifier, alt\u00e9rer, ou tenter de copier, modifier ou alt\u00e9rer de quelque mani\u00e8re que ce soit le contenu ou la programmation informatique des pages des Sites permettant l\u2019acc\u00e8s aux Services et aux offres propos\u00e9s ainsi que leur utilisation.<br \/>\nLes Utilisateurs s\u2019engagent \u00e0 respecter toutes les r\u00e9glementations applicables du pays dans lequel ils utilisent les Services et, en particulier, s\u2019interdisent de d\u00e9poser tout document, donn\u00e9e ou information de nature diffamatoire ou injurieuse, contrefaisante, illicite, erron\u00e9e ou falsifi\u00e9e ou portant atteinte \u00e0 l\u2019ordre public, aux bonnes m\u0153urs ou au fonctionnement informatique des Sites ou des Services.<br \/>\nLes informations relatives aux services propos\u00e9s par Quatrevingtdouze peuvent faire l\u2019objet de modifications sans pr\u00e9avis. Ces informations ne constituent aucunement une assertion, ni une garantie, ni un engagement de Quatrevingtdouze \u00e0 l\u2019\u00e9gard de tout produit ou service ; et par la pr\u00e9sente, nous d\u00e9clinons toute responsabilit\u00e9, expresse ou implicite, quant \u00e0 leur exactitude, leur ad\u00e9quation pour un but quelconque ou leur compl\u00e9tude.<br \/>\nLes photos associ\u00e9es aux services propos\u00e9s rev\u00eatent un caract\u00e8re non contractuel.<\/p>\n<p>V \u2013 ACCESSIBILIT\u00c9<br \/>\nLe Site est accessible 24 heures\/24 et 7 jours\/7. La soci\u00e9t\u00e9 Quatrevingtdouze se r\u00e9serve cependant la possibilit\u00e9 de fermer ou de rendre inaccessible tout ou partie du Site notamment pour des op\u00e9rations de maintenance ou \u00e0 la demande de toute autorit\u00e9 judiciaire et en cas de force majeure. La soci\u00e9t\u00e9 Quatrevingtdouze ne peut en aucun cas \u00eatre responsables de la non accessibilit\u00e9 du Site et des Services et de toute interruption totale ou partielle de la consultation de ses pages. L\u2019Utilisateur se doit de v\u00e9rifier qu\u2019il dispose des outils et moyens de communication \u00e9lectroniques et des comp\u00e9tences permettant l\u2019acc\u00e8s au Site et aux Services.<\/p>\n<p>VI \u2013 PROPRI\u00c9T\u00c9 INTELLECTUELLE<br \/>\nLe Site et les diff\u00e9rentes pages du Site permettant l\u2019acc\u00e8s aux Services propos\u00e9s, ainsi que tous les \u00e9l\u00e9ments composant et\/ou mis en \u0153uvre pour le fonctionnement des Services propos\u00e9s, et notamment les photographies, images, animations, logiciels, interfaces, marques, logos, textes, dessins, ic\u00f4nes, illustrations (ci-apr\u00e8s d\u00e9sign\u00e9s ensemble comme les Donn\u00e9es) sont prot\u00e9g\u00e9s par le droit de la propri\u00e9t\u00e9 industrielle et intellectuelle dans le monde entier.<br \/>\nD\u2019une mani\u00e8re g\u00e9n\u00e9rale, l\u2019acc\u00e8s au Site et aux Services propos\u00e9s ne conf\u00e8re \u00e0 l\u2019Utilisateur aucune pr\u00e9rogative sur les droits de propri\u00e9t\u00e9 intellectuelle relatifs aux Donn\u00e9es, qui restent la propri\u00e9t\u00e9 exclusive de la soci\u00e9t\u00e9 Quatrevingtdouze ou, le cas \u00e9ch\u00e9ant, de titulaires tiers.<br \/>\nL\u2019Utilisateur est autoris\u00e9 \u00e0 copier les pages du Site uniquement \u00e0 titre d\u2019information personnelle et pour un usage strictement priv\u00e9. En tout \u00e9tat de cause, sur toute copie autoris\u00e9e de tout ou partie du contenu du Site, devra figurer la mention Copyright Quatrevingtdouze tous droits r\u00e9serv\u00e9s. En dehors de cette hypoth\u00e8se, l\u2019Utilisateur n\u2019est pas autoris\u00e9 \u00e0 copier, reproduire, repr\u00e9senter, modifier, traduire, cr\u00e9er des produits d\u00e9riv\u00e9s, distribuer tout ou partie des Donn\u00e9es ou les exploiter et les utiliser de toute autre mani\u00e8re en dehors du Service utilis\u00e9.<br \/>\nToute utilisation non autoris\u00e9e ou ill\u00e9gale des Donn\u00e9es peut entra\u00eener la responsabilit\u00e9 civile et p\u00e9nale de l\u2019Utilisateur conform\u00e9ment aux lois en vigueur.<\/p>\n<p>VII \u2013 LIMITATION DE RESPONSABILIT\u00c9<br \/>\nLa soci\u00e9t\u00e9 Quatrevingtdouze ne prend aucun engagement quant aux liens hypertextes permettant \u00e0 l\u2019Utilisateur d\u2019acc\u00e9der \u00e0 des sites tiers et ne s\u2019engagent aucunement \u00e0 contr\u00f4ler ces liens, ni le contenu des sites vers lesquels ils renvoient. La mention d\u2019un lien vers un site tiers n\u2019implique ni l\u2019approbation par la soci\u00e9t\u00e9 Quatrevingtdouze du site tiers, ni l\u2019approbation par la soci\u00e9t\u00e9 Quatrevingtdouze des produits et services qui peuvent y \u00eatre propos\u00e9s. La soci\u00e9t\u00e9 Quatrevingtdouze d\u00e9cline par cons\u00e9quent toute responsabilit\u00e9 quant au contenu ou \u00e0 la politique de protection de la vie priv\u00e9e des sites auxquels renvoient ces liens hypertextes.<br \/>\nCompte tenu des al\u00e9as techniques propres au r\u00e9seau Internet, la soci\u00e9t\u00e9 Quatrevingtdouze ne peut garantir le fonctionnement ininterrompu des Services propos\u00e9s et ne peut \u00eatre tenue responsable du fait des interruptions, suspensions, dysfonctionnements ou bogues des Services, alt\u00e9ration, destruction ou pertes des donn\u00e9es fournies par les Utilisateurs. L\u2019Utilisateur reconna\u00eet \u00e9galement que le Service pourra \u00eatre interrompu pour des op\u00e9rations de maintenance.<br \/>\nLa soci\u00e9t\u00e9 Quatrevingtdouze se r\u00e9serve le droit, \u00e0 tout moment, de modifier ou de suspendre temporairement ou d\u00e9finitivement, tout ou partie des Services propos\u00e9s, avec ou sans notification. La soci\u00e9t\u00e9 Quatrevingtdouze ne peut \u00eatre tenue pour responsable envers l\u2019Utilisateur ou envers les tiers de toutes modifications, suspensions ou cessations des Services propos\u00e9s.<br \/>\nEn outre, la soci\u00e9t\u00e9 Quatrevingtdouze ne peut \u00eatre tenue responsable pour toute difficult\u00e9 d\u2019acc\u00e8s ou d\u2019utilisation qui serait due \u00e0 des dysfonctionnements ou indisponibilit\u00e9s des Sites par lesquels l\u2019Utilisateur acc\u00e8de aux Services propos\u00e9s, d\u00e8s lors que ces sites sont sous la responsabilit\u00e9 d\u2019une entit\u00e9 autre que la soci\u00e9t\u00e9 Quatrevingtdouze.<br \/>\nLa soci\u00e9t\u00e9 Quatrevingtdouze ne peut \u00eatre tenue responsable des dommages de toute nature, directs ou indirects r\u00e9sultant du contenu et\/ou de l\u2019acc\u00e8s et\/ou de l\u2019utilisation du Site et\/ou des services propos\u00e9s incluant notamment, mais non limitativement, toute perte d\u2019exploitation, perte de programme, perte de donn\u00e9es, toute d\u00e9t\u00e9rioration ou virus qui pourraient infecter l\u2019\u00e9quipement informatique ou tout autre bien de l\u2019Utilisateur du Site ou des Services.<\/p>\n<p>VIII \u2013 FORCE MAJEURE<br \/>\nLa soci\u00e9t\u00e9 Quatrevingtdouze n\u2019est responsable d\u2019aucun pr\u00e9judice, dommage ou perte r\u00e9sultant d\u2019un cas de force majeure tel que reconnu par la jurisprudence fran\u00e7aise.<\/p>\n<p>IX \u2013 MODIFICATION DES CONDITIONS D\u2019UTILISATION DES SITES ET DES SERVICES<br \/>\nLa soci\u00e9t\u00e9 Quatrevingtdouze se r\u00e9serve le droit, \u00e0 tout moment, de modifier tout ou partie des conditions d\u2019utilisation du Site ou des Services propos\u00e9s, avec ou sans notification.<br \/>\nLes modifications entreront en vigueur d\u00e8s leur mise en ligne.<br \/>\nIl appartient donc \u00e0 l\u2019Utilisateur de revoir de mani\u00e8re r\u00e9guli\u00e8re les termes des pr\u00e9sentes. Le simple fait de continuer \u00e0 utiliser les Services propos\u00e9s implique l\u2019acceptation par l\u2019Utilisateur de toutes modifications apport\u00e9es aux pr\u00e9sentes.<\/p>\n<p>X \u2013 INVALIDIT\u00c9<br \/>\nSi une ou plusieurs stipulations des pr\u00e9sentes conditions d\u2019utilisation sont tenues pour non valides ou d\u00e9clar\u00e9es telles en application d\u2019une loi, d\u2019un r\u00e8glement ou \u00e0 la suite d\u2019une d\u00e9cision devenue d\u00e9finitive d\u2019une juridiction comp\u00e9tente, les autres stipulations garderont toute leur force et leur port\u00e9e.<\/p>\n<p>XI \u2013 LOI APPLICABLE<br \/>\nLes pr\u00e9sentes conditions d\u2019utilisation du Site et les Services propos\u00e9s sont soumis au droit fran\u00e7ais. Tout litige relatif \u00e0 l\u2019interpr\u00e9tation ou l\u2019ex\u00e9cution des pr\u00e9sentes conditions d\u2019utilisation ou \u00e0 l\u2019ex\u00e9cution des Services propos\u00e9s sera soumis au Tribunal comp\u00e9tent.<\/p>\n","protected":false},"excerpt":{"rendered":"<p>I \u2013 PR\u00c9AMBULE Le site www.quatrevingtdouze.fr est destin\u00e9 \u00e0 informer le public sur l\u2019actualit\u00e9 du service propos\u00e9e par la soci\u00e9t\u00e9 Quatrevingtdouze. Les pr\u00e9sentes conditions g\u00e9n\u00e9rales d\u00e9finissent les conditions d\u2019utilisation par &#8230;<\/p>\n","protected":false},"author":1,"featured_media":0,"parent":0,"menu_order":0,"comment_status":"closed","ping_status":"closed","template":"","meta":{"_exactmetrics_skip_tracking":false,"_exactmetrics_sitenote_active":false,"_exactmetrics_sitenote_note":"","_exactmetrics_sitenote_category":0,"footnotes":""},"class_list":["post-68","page","type-page","status-publish","hentry"],"yoast_head":"<!-- This site is optimized with the Yoast SEO plugin v27.5 - https:\/\/yoast.com\/product\/yoast-seo-wordpress\/ -->\n<title>Mentions l\u00e9gales - Quatrevingtdouze<\/title>\n<meta name=\"description\" content=\"Quatrevingtdouze : Nous cr\u00e9ons les images qui construisent votre image\" \/>\n<meta name=\"robots\" content=\"index, follow, max-snippet:-1, max-image-preview:large, max-video-preview:-1\" \/>\n<link rel=\"canonical\" href=\"https:\/\/www.quatrevingtdouze.fr\/index.php\/mentions-legales\/\" \/>\n<meta property=\"og:locale\" content=\"en_US\" \/>\n<meta property=\"og:type\" content=\"article\" \/>\n<meta property=\"og:title\" content=\"Mentions l\u00e9gales - Quatrevingtdouze\" \/>\n<meta property=\"og:description\" content=\"Quatrevingtdouze : Nous cr\u00e9ons les images qui construisent votre image\" \/>\n<meta property=\"og:url\" content=\"https:\/\/www.quatrevingtdouze.fr\/index.php\/mentions-legales\/\" \/>\n<meta property=\"og:site_name\" content=\"Quatrevingtdouze\" \/>\n<meta property=\"article:modified_time\" content=\"2023-12-15T22:39:58+00:00\" \/>\n<meta name=\"twitter:card\" content=\"summary_large_image\" \/>\n<meta name=\"twitter:site\" content=\"@Quatrevingtdouz\" \/>\n<meta name=\"twitter:label1\" content=\"Est. reading time\" \/>\n\t<meta name=\"twitter:data1\" content=\"7 minutes\" \/>\n<script type=\"application\/ld+json\" class=\"yoast-schema-graph\">{\"@context\":\"https:\\\/\\\/schema.org\",\"@graph\":[{\"@type\":\"WebPage\",\"@id\":\"https:\\\/\\\/www.quatrevingtdouze.fr\\\/index.php\\\/mentions-legales\\\/\",\"url\":\"https:\\\/\\\/www.quatrevingtdouze.fr\\\/index.php\\\/mentions-legales\\\/\",\"name\":\"Mentions l\u00e9gales - Quatrevingtdouze\",\"isPartOf\":{\"@id\":\"https:\\\/\\\/www.quatrevingtdouze.fr\\\/#website\"},\"datePublished\":\"2018-05-07T09:45:54+00:00\",\"dateModified\":\"2023-12-15T22:39:58+00:00\",\"description\":\"Quatrevingtdouze : Nous cr\u00e9ons les images qui construisent votre image\",\"breadcrumb\":{\"@id\":\"https:\\\/\\\/www.quatrevingtdouze.fr\\\/index.php\\\/mentions-legales\\\/#breadcrumb\"},\"inLanguage\":\"en-US\",\"potentialAction\":[{\"@type\":\"ReadAction\",\"target\":[\"https:\\\/\\\/www.quatrevingtdouze.fr\\\/index.php\\\/mentions-legales\\\/\"]}]},{\"@type\":\"BreadcrumbList\",\"@id\":\"https:\\\/\\\/www.quatrevingtdouze.fr\\\/index.php\\\/mentions-legales\\\/#breadcrumb\",\"itemListElement\":[{\"@type\":\"ListItem\",\"position\":1,\"name\":\"Accueil\",\"item\":\"https:\\\/\\\/www.quatrevingtdouze.fr\\\/\"},{\"@type\":\"ListItem\",\"position\":2,\"name\":\"Mentions l\u00e9gales\"}]},{\"@type\":\"WebSite\",\"@id\":\"https:\\\/\\\/www.quatrevingtdouze.fr\\\/#website\",\"url\":\"https:\\\/\\\/www.quatrevingtdouze.fr\\\/\",\"name\":\"Quatrevingtdouze\",\"description\":\"Nous cr\u00e9ons les images qui construisent votre image\",\"publisher\":{\"@id\":\"https:\\\/\\\/www.quatrevingtdouze.fr\\\/#organization\"},\"potentialAction\":[{\"@type\":\"SearchAction\",\"target\":{\"@type\":\"EntryPoint\",\"urlTemplate\":\"https:\\\/\\\/www.quatrevingtdouze.fr\\\/?s={search_term_string}\"},\"query-input\":{\"@type\":\"PropertyValueSpecification\",\"valueRequired\":true,\"valueName\":\"search_term_string\"}}],\"inLanguage\":\"en-US\"},{\"@type\":\"Organization\",\"@id\":\"https:\\\/\\\/www.quatrevingtdouze.fr\\\/#organization\",\"name\":\"Quatrevingtdouze\",\"url\":\"https:\\\/\\\/www.quatrevingtdouze.fr\\\/\",\"logo\":{\"@type\":\"ImageObject\",\"inLanguage\":\"en-US\",\"@id\":\"https:\\\/\\\/www.quatrevingtdouze.fr\\\/#\\\/schema\\\/logo\\\/image\\\/\",\"url\":\"https:\\\/\\\/www.quatrevingtdouze.fr\\\/wp-content\\\/uploads\\\/2018\\\/05\\\/Logo-Quatrevingtdouze.jpg\",\"contentUrl\":\"https:\\\/\\\/www.quatrevingtdouze.fr\\\/wp-content\\\/uploads\\\/2018\\\/05\\\/Logo-Quatrevingtdouze.jpg\",\"width\":170,\"height\":96,\"caption\":\"Quatrevingtdouze\"},\"image\":{\"@id\":\"https:\\\/\\\/www.quatrevingtdouze.fr\\\/#\\\/schema\\\/logo\\\/image\\\/\"},\"sameAs\":[\"https:\\\/\\\/x.com\\\/Quatrevingtdouz\",\"https:\\\/\\\/www.instagram.com\\\/quatrevingtdouz\\\/\",\"https:\\\/\\\/www.quatrevingtdouze.fr\\\/linkedin.com\\\/in\\\/david-paget\",\"https:\\\/\\\/www.youtube.com\\\/channel\\\/UCz3H2-oQOT36aUJxtkAiWLQ\\\/featured?view_as=public\"]}]}<\/script>\n<!-- \/ Yoast SEO plugin. -->","yoast_head_json":{"title":"Mentions l\u00e9gales - Quatrevingtdouze","description":"Quatrevingtdouze : Nous cr\u00e9ons les images qui construisent votre image","robots":{"index":"index","follow":"follow","max-snippet":"max-snippet:-1","max-image-preview":"max-image-preview:large","max-video-preview":"max-video-preview:-1"},"canonical":"https:\/\/www.quatrevingtdouze.fr\/index.php\/mentions-legales\/","og_locale":"en_US","og_type":"article","og_title":"Mentions l\u00e9gales - Quatrevingtdouze","og_description":"Quatrevingtdouze : Nous cr\u00e9ons les images qui construisent votre image","og_url":"https:\/\/www.quatrevingtdouze.fr\/index.php\/mentions-legales\/","og_site_name":"Quatrevingtdouze","article_modified_time":"2023-12-15T22:39:58+00:00","twitter_card":"summary_large_image","twitter_site":"@Quatrevingtdouz","twitter_misc":{"Est. reading time":"7 minutes"},"schema":{"@context":"https:\/\/schema.org","@graph":[{"@type":"WebPage","@id":"https:\/\/www.quatrevingtdouze.fr\/index.php\/mentions-legales\/","url":"https:\/\/www.quatrevingtdouze.fr\/index.php\/mentions-legales\/","name":"Mentions l\u00e9gales - Quatrevingtdouze","isPartOf":{"@id":"https:\/\/www.quatrevingtdouze.fr\/#website"},"datePublished":"2018-05-07T09:45:54+00:00","dateModified":"2023-12-15T22:39:58+00:00","description":"Quatrevingtdouze : Nous cr\u00e9ons les images qui construisent votre image","breadcrumb":{"@id":"https:\/\/www.quatrevingtdouze.fr\/index.php\/mentions-legales\/#breadcrumb"},"inLanguage":"en-US","potentialAction":[{"@type":"ReadAction","target":["https:\/\/www.quatrevingtdouze.fr\/index.php\/mentions-legales\/"]}]},{"@type":"BreadcrumbList","@id":"https:\/\/www.quatrevingtdouze.fr\/index.php\/mentions-legales\/#breadcrumb","itemListElement":[{"@type":"ListItem","position":1,"name":"Accueil","item":"https:\/\/www.quatrevingtdouze.fr\/"},{"@type":"ListItem","position":2,"name":"Mentions l\u00e9gales"}]},{"@type":"WebSite","@id":"https:\/\/www.quatrevingtdouze.fr\/#website","url":"https:\/\/www.quatrevingtdouze.fr\/","name":"Quatrevingtdouze","description":"Nous cr\u00e9ons les images qui construisent votre image","publisher":{"@id":"https:\/\/www.quatrevingtdouze.fr\/#organization"},"potentialAction":[{"@type":"SearchAction","target":{"@type":"EntryPoint","urlTemplate":"https:\/\/www.quatrevingtdouze.fr\/?s={search_term_string}"},"query-input":{"@type":"PropertyValueSpecification","valueRequired":true,"valueName":"search_term_string"}}],"inLanguage":"en-US"},{"@type":"Organization","@id":"https:\/\/www.quatrevingtdouze.fr\/#organization","name":"Quatrevingtdouze","url":"https:\/\/www.quatrevingtdouze.fr\/","logo":{"@type":"ImageObject","inLanguage":"en-US","@id":"https:\/\/www.quatrevingtdouze.fr\/#\/schema\/logo\/image\/","url":"https:\/\/www.quatrevingtdouze.fr\/wp-content\/uploads\/2018\/05\/Logo-Quatrevingtdouze.jpg","contentUrl":"https:\/\/www.quatrevingtdouze.fr\/wp-content\/uploads\/2018\/05\/Logo-Quatrevingtdouze.jpg","width":170,"height":96,"caption":"Quatrevingtdouze"},"image":{"@id":"https:\/\/www.quatrevingtdouze.fr\/#\/schema\/logo\/image\/"},"sameAs":["https:\/\/x.com\/Quatrevingtdouz","https:\/\/www.instagram.com\/quatrevingtdouz\/","https:\/\/www.quatrevingtdouze.fr\/linkedin.com\/in\/david-paget","https:\/\/www.youtube.com\/channel\/UCz3H2-oQOT36aUJxtkAiWLQ\/featured?view_as=public"]}]}},"_links":{"self":[{"href":"https:\/\/www.quatrevingtdouze.fr\/index.php\/wp-json\/wp\/v2\/pages\/68","targetHints":{"allow":["GET"]}}],"collection":[{"href":"https:\/\/www.quatrevingtdouze.fr\/index.php\/wp-json\/wp\/v2\/pages"}],"about":[{"href":"https:\/\/www.quatrevingtdouze.fr\/index.php\/wp-json\/wp\/v2\/types\/page"}],"author":[{"embeddable":true,"href":"https:\/\/www.quatrevingtdouze.fr\/index.php\/wp-json\/wp\/v2\/users\/1"}],"replies":[{"embeddable":true,"href":"https:\/\/www.quatrevingtdouze.fr\/index.php\/wp-json\/wp\/v2\/comments?post=68"}],"version-history":[{"count":5,"href":"https:\/\/www.quatrevingtdouze.fr\/index.php\/wp-json\/wp\/v2\/pages\/68\/revisions"}],"predecessor-version":[{"id":915,"href":"https:\/\/www.quatrevingtdouze.fr\/index.php\/wp-json\/wp\/v2\/pages\/68\/revisions\/915"}],"wp:attachment":[{"href":"https:\/\/www.quatrevingtdouze.fr\/index.php\/wp-json\/wp\/v2\/media?parent=68"}],"curies":[{"name":"wp","href":"https:\/\/api.w.org\/{rel}","templated":true}]}}