{"id":72,"date":"2018-05-07T12:09:55","date_gmt":"2018-05-07T10:09:55","guid":{"rendered":"http:\/\/www.quatrevingtdouze.fr\/?page_id=72"},"modified":"2018-05-14T10:05:12","modified_gmt":"2018-05-14T08:05:12","slug":"politique-de-confidentialite","status":"publish","type":"page","link":"https:\/\/www.quatrevingtdouze.fr\/index.php\/politique-de-confidentialite\/","title":{"rendered":"Politique de confidentialit\u00e9"},"content":{"rendered":"<p>Collecte et utilisation des informations<br \/>\nLors de l&#8217;inscription sur www.quatrevingtdouze.fr, nous demandons des informations telles que votre nom et votre adresse e-mail. Vos renseignements sont seulement utilis\u00e9s en interne et ne sont pas partag\u00e9s avec des tiers.<br \/>\n<span style=\"display: inline !important; float: none; background-color: transparent; color: #555555; cursor: text; font-family: 'Open Sans',Helvetica,Arial,sans-serif; font-size: 16px; font-style: normal; font-variant: normal; font-weight: 400; letter-spacing: normal; orphans: 2; text-align: left; text-decoration: none; text-indent: 0px; text-transform: none; -webkit-text-stroke-width: 0px; white-space: normal; word-spacing: 0px;\">www.quatrevingtdouze.fr<\/span>\u00a0recueille les adresses e-mail des personnes communiquant avec ses services par e-mail, et les informations soumises volontairement, par exemple lors de l&#8217;inscription ou lors de la participation \u00e0 des sondages. <span style=\"display: inline !important; float: none; background-color: transparent; color: #555555; cursor: text; font-family: 'Open Sans',Helvetica,Arial,sans-serif; font-size: 16px; font-style: normal; font-variant: normal; font-weight: 400; letter-spacing: normal; orphans: 2; text-align: left; text-decoration: none; text-indent: 0px; text-transform: none; -webkit-text-stroke-width: 0px; white-space: normal; word-spacing: 0px;\">www.quatrevingtdouze.fr<\/span> recueille \u00e9galement des donn\u00e9es agr\u00e9g\u00e9es concernant les pages web consult\u00e9es par les visiteurs du site web <span style=\"display: inline !important; float: none; background-color: transparent; color: #555555; cursor: text; font-family: 'Open Sans',Helvetica,Arial,sans-serif; font-size: 16px; font-style: normal; font-variant: normal; font-weight: 400; letter-spacing: normal; orphans: 2; text-align: left; text-decoration: none; text-indent: 0px; text-transform: none; -webkit-text-stroke-width: 0px; white-space: normal; word-spacing: 0px;\">www.quatrevingtdouze.fr<\/span>. Les informations que nous recueillons sont utilis\u00e9es pour am\u00e9liorer <span style=\"display: inline !important; float: none; background-color: transparent; color: #555555; cursor: text; font-family: 'Open Sans',Helvetica,Arial,sans-serif; font-size: 16px; font-style: normal; font-variant: normal; font-weight: 400; letter-spacing: normal; orphans: 2; text-align: left; text-decoration: none; text-indent: 0px; text-transform: none; -webkit-text-stroke-width: 0px; white-space: normal; word-spacing: 0px;\">www.quatrevingtdouze.fr<\/span> et la qualit\u00e9 de nos services.<\/p>\n<p>Vos donn\u00e9es<br \/>\n<span style=\"display: inline !important; float: none; background-color: transparent; color: #555555; cursor: text; font-family: 'Open Sans',Helvetica,Arial,sans-serif; font-size: 16px; font-style: normal; font-variant: normal; font-weight: 400; letter-spacing: normal; orphans: 2; text-align: left; text-decoration: none; text-indent: 0px; text-transform: none; -webkit-text-stroke-width: 0px; white-space: normal; word-spacing: 0px;\">www.quatrevingtdouze.fr<\/span> utilise les services de prestataires et de partenaires d&#8217;h\u00e9bergement tiers pour fournir le mat\u00e9riel, les logiciels, le r\u00e9seau, le stockage et les technologies associ\u00e9es n\u00e9cessaires pour faire fonctionner <span style=\"display: inline !important; float: none; background-color: transparent; color: #555555; cursor: text; font-family: 'Open Sans',Helvetica,Arial,sans-serif; font-size: 16px; font-style: normal; font-variant: normal; font-weight: 400; letter-spacing: normal; orphans: 2; text-align: left; text-decoration: none; text-indent: 0px; text-transform: none; -webkit-text-stroke-width: 0px; white-space: normal; word-spacing: 0px;\">www.quatrevingtdouze.fr<\/span>. Bien que <span style=\"display: inline !important; float: none; background-color: transparent; color: #555555; cursor: text; font-family: 'Open Sans',Helvetica,Arial,sans-serif; font-size: 16px; font-style: normal; font-variant: normal; font-weight: 400; letter-spacing: normal; orphans: 2; text-align: left; text-decoration: none; text-indent: 0px; text-transform: none; -webkit-text-stroke-width: 0px; white-space: normal; word-spacing: 0px;\">www.quatrevingtdouze.fr<\/span> poss\u00e8de le code, les bases de donn\u00e9es et les droits de <span style=\"display: inline !important; float: none; background-color: transparent; color: #555555; cursor: text; font-family: 'Open Sans',Helvetica,Arial,sans-serif; font-size: 16px; font-style: normal; font-variant: normal; font-weight: 400; letter-spacing: normal; orphans: 2; text-align: left; text-decoration: none; text-indent: 0px; text-transform: none; -webkit-text-stroke-width: 0px; white-space: normal; word-spacing: 0px;\">www.quatrevingtdouze.fr<\/span>, vous conservez la propri\u00e9t\u00e9 de vos donn\u00e9es. Nous ne partagerons jamais vos informations personnelles avec des tiers sans votre autorisation pr\u00e9alable, et nous ne les vendrons jamais \u00e0 des tiers.<\/p>\n<p>Cookies<br \/>\nNous utilisons des cookies pour stocker les pr\u00e9f\u00e9rences des visiteurs, personnaliser le contenu des pages web selon le type de navigateur du visiteur ou d&#8217;autres informations envoy\u00e9es par le visiteur. Les cookies sont requis pour utiliser <span style=\"display: inline !important; float: none; background-color: transparent; color: #555555; cursor: text; font-family: 'Open Sans',Helvetica,Arial,sans-serif; font-size: 16px; font-style: normal; font-variant: normal; font-weight: 400; letter-spacing: normal; orphans: 2; text-align: left; text-decoration: none; text-indent: 0px; text-transform: none; -webkit-text-stroke-width: 0px; white-space: normal; word-spacing: 0px;\">www.quatrevingtdouze.fr<\/span>.<\/p>\n<p>Serveur d&#8217;annonces<br \/>\nNous n&#8217;avons aucun partenariat ni relation sp\u00e9ciale avec des soci\u00e9t\u00e9s de serveur d&#8217;annonces.<\/p>\n<p>S\u00e9curit\u00e9<br \/>\nToutes les donn\u00e9es et informations transmises avec le service sont s\u00e9curis\u00e9es par le protocole SSL.<\/p>\n<p>Modifications<br \/>\nSi nos pratiques concernant les informations changent \u00e0 l&#8217;avenir, nous annoncerons les modifications de politique sur notre site web pour vous pr\u00e9venir de ces modifications et nous utiliserons \u00e0 ces nouvelles fins seulement les donn\u00e9es rassembl\u00e9es \u00e0 partir du moment de la modification de la politique. Si vous souhaitez savoir comment vos informations sont utilis\u00e9es, veuillez consulter notre site web de fa\u00e7on p\u00e9riodique.<\/p>\n","protected":false},"excerpt":{"rendered":"<p>Collecte et utilisation des informations Lors de l&#8217;inscription sur www.quatrevingtdouze.fr, nous demandons des informations telles que votre nom et votre adresse e-mail. Vos renseignements sont seulement utilis\u00e9s en interne et &#8230;<\/p>\n","protected":false},"author":1,"featured_media":0,"parent":0,"menu_order":0,"comment_status":"closed","ping_status":"closed","template":"","meta":{"_exactmetrics_skip_tracking":false,"_exactmetrics_sitenote_active":false,"_exactmetrics_sitenote_note":"","_exactmetrics_sitenote_category":0,"footnotes":""},"class_list":["post-72","page","type-page","status-publish","hentry"],"yoast_head":"<!-- This site is optimized with the Yoast SEO plugin v27.4 - https:\/\/yoast.com\/product\/yoast-seo-wordpress\/ -->\n<title>Politique de confidentialit\u00e9 - Quatrevingtdouze<\/title>\n<meta name=\"description\" content=\"Quatrevingtdouze : Nous cr\u00e9ons les images qui construisent votre image\" \/>\n<meta name=\"robots\" content=\"index, follow, max-snippet:-1, max-image-preview:large, max-video-preview:-1\" \/>\n<link rel=\"canonical\" href=\"https:\/\/www.quatrevingtdouze.fr\/index.php\/politique-de-confidentialite\/\" \/>\n<meta property=\"og:locale\" content=\"en_US\" \/>\n<meta property=\"og:type\" content=\"article\" \/>\n<meta property=\"og:title\" content=\"Politique de confidentialit\u00e9 - Quatrevingtdouze\" \/>\n<meta property=\"og:description\" content=\"Quatrevingtdouze : Nous cr\u00e9ons les images qui construisent votre image\" \/>\n<meta property=\"og:url\" content=\"https:\/\/www.quatrevingtdouze.fr\/index.php\/politique-de-confidentialite\/\" \/>\n<meta property=\"og:site_name\" content=\"Quatrevingtdouze\" \/>\n<meta property=\"article:modified_time\" content=\"2018-05-14T08:05:12+00:00\" \/>\n<meta name=\"twitter:card\" content=\"summary_large_image\" \/>\n<meta name=\"twitter:site\" content=\"@Quatrevingtdouz\" \/>\n<meta name=\"twitter:label1\" content=\"Est. reading time\" \/>\n\t<meta name=\"twitter:data1\" content=\"2 minutes\" \/>\n<script type=\"application\/ld+json\" class=\"yoast-schema-graph\">{\"@context\":\"https:\\\/\\\/schema.org\",\"@graph\":[{\"@type\":\"WebPage\",\"@id\":\"https:\\\/\\\/www.quatrevingtdouze.fr\\\/index.php\\\/politique-de-confidentialite\\\/\",\"url\":\"https:\\\/\\\/www.quatrevingtdouze.fr\\\/index.php\\\/politique-de-confidentialite\\\/\",\"name\":\"Politique de confidentialit\u00e9 - Quatrevingtdouze\",\"isPartOf\":{\"@id\":\"https:\\\/\\\/www.quatrevingtdouze.fr\\\/#website\"},\"datePublished\":\"2018-05-07T10:09:55+00:00\",\"dateModified\":\"2018-05-14T08:05:12+00:00\",\"description\":\"Quatrevingtdouze : Nous cr\u00e9ons les images qui construisent votre image\",\"breadcrumb\":{\"@id\":\"https:\\\/\\\/www.quatrevingtdouze.fr\\\/index.php\\\/politique-de-confidentialite\\\/#breadcrumb\"},\"inLanguage\":\"en-US\",\"potentialAction\":[{\"@type\":\"ReadAction\",\"target\":[\"https:\\\/\\\/www.quatrevingtdouze.fr\\\/index.php\\\/politique-de-confidentialite\\\/\"]}]},{\"@type\":\"BreadcrumbList\",\"@id\":\"https:\\\/\\\/www.quatrevingtdouze.fr\\\/index.php\\\/politique-de-confidentialite\\\/#breadcrumb\",\"itemListElement\":[{\"@type\":\"ListItem\",\"position\":1,\"name\":\"Accueil\",\"item\":\"https:\\\/\\\/www.quatrevingtdouze.fr\\\/\"},{\"@type\":\"ListItem\",\"position\":2,\"name\":\"Politique de confidentialit\u00e9\"}]},{\"@type\":\"WebSite\",\"@id\":\"https:\\\/\\\/www.quatrevingtdouze.fr\\\/#website\",\"url\":\"https:\\\/\\\/www.quatrevingtdouze.fr\\\/\",\"name\":\"Quatrevingtdouze\",\"description\":\"Nous cr\u00e9ons les images qui construisent votre image\",\"publisher\":{\"@id\":\"https:\\\/\\\/www.quatrevingtdouze.fr\\\/#organization\"},\"potentialAction\":[{\"@type\":\"SearchAction\",\"target\":{\"@type\":\"EntryPoint\",\"urlTemplate\":\"https:\\\/\\\/www.quatrevingtdouze.fr\\\/?s={search_term_string}\"},\"query-input\":{\"@type\":\"PropertyValueSpecification\",\"valueRequired\":true,\"valueName\":\"search_term_string\"}}],\"inLanguage\":\"en-US\"},{\"@type\":\"Organization\",\"@id\":\"https:\\\/\\\/www.quatrevingtdouze.fr\\\/#organization\",\"name\":\"Quatrevingtdouze\",\"url\":\"https:\\\/\\\/www.quatrevingtdouze.fr\\\/\",\"logo\":{\"@type\":\"ImageObject\",\"inLanguage\":\"en-US\",\"@id\":\"https:\\\/\\\/www.quatrevingtdouze.fr\\\/#\\\/schema\\\/logo\\\/image\\\/\",\"url\":\"https:\\\/\\\/www.quatrevingtdouze.fr\\\/wp-content\\\/uploads\\\/2018\\\/05\\\/Logo-Quatrevingtdouze.jpg\",\"contentUrl\":\"https:\\\/\\\/www.quatrevingtdouze.fr\\\/wp-content\\\/uploads\\\/2018\\\/05\\\/Logo-Quatrevingtdouze.jpg\",\"width\":170,\"height\":96,\"caption\":\"Quatrevingtdouze\"},\"image\":{\"@id\":\"https:\\\/\\\/www.quatrevingtdouze.fr\\\/#\\\/schema\\\/logo\\\/image\\\/\"},\"sameAs\":[\"https:\\\/\\\/x.com\\\/Quatrevingtdouz\",\"https:\\\/\\\/www.instagram.com\\\/quatrevingtdouz\\\/\",\"https:\\\/\\\/www.quatrevingtdouze.fr\\\/linkedin.com\\\/in\\\/david-paget\",\"https:\\\/\\\/www.youtube.com\\\/channel\\\/UCz3H2-oQOT36aUJxtkAiWLQ\\\/featured?view_as=public\"]}]}<\/script>\n<!-- \/ Yoast SEO plugin. -->","yoast_head_json":{"title":"Politique de confidentialit\u00e9 - Quatrevingtdouze","description":"Quatrevingtdouze : Nous cr\u00e9ons les images qui construisent votre image","robots":{"index":"index","follow":"follow","max-snippet":"max-snippet:-1","max-image-preview":"max-image-preview:large","max-video-preview":"max-video-preview:-1"},"canonical":"https:\/\/www.quatrevingtdouze.fr\/index.php\/politique-de-confidentialite\/","og_locale":"en_US","og_type":"article","og_title":"Politique de confidentialit\u00e9 - Quatrevingtdouze","og_description":"Quatrevingtdouze : Nous cr\u00e9ons les images qui construisent votre image","og_url":"https:\/\/www.quatrevingtdouze.fr\/index.php\/politique-de-confidentialite\/","og_site_name":"Quatrevingtdouze","article_modified_time":"2018-05-14T08:05:12+00:00","twitter_card":"summary_large_image","twitter_site":"@Quatrevingtdouz","twitter_misc":{"Est. reading time":"2 minutes"},"schema":{"@context":"https:\/\/schema.org","@graph":[{"@type":"WebPage","@id":"https:\/\/www.quatrevingtdouze.fr\/index.php\/politique-de-confidentialite\/","url":"https:\/\/www.quatrevingtdouze.fr\/index.php\/politique-de-confidentialite\/","name":"Politique de confidentialit\u00e9 - Quatrevingtdouze","isPartOf":{"@id":"https:\/\/www.quatrevingtdouze.fr\/#website"},"datePublished":"2018-05-07T10:09:55+00:00","dateModified":"2018-05-14T08:05:12+00:00","description":"Quatrevingtdouze : Nous cr\u00e9ons les images qui construisent votre image","breadcrumb":{"@id":"https:\/\/www.quatrevingtdouze.fr\/index.php\/politique-de-confidentialite\/#breadcrumb"},"inLanguage":"en-US","potentialAction":[{"@type":"ReadAction","target":["https:\/\/www.quatrevingtdouze.fr\/index.php\/politique-de-confidentialite\/"]}]},{"@type":"BreadcrumbList","@id":"https:\/\/www.quatrevingtdouze.fr\/index.php\/politique-de-confidentialite\/#breadcrumb","itemListElement":[{"@type":"ListItem","position":1,"name":"Accueil","item":"https:\/\/www.quatrevingtdouze.fr\/"},{"@type":"ListItem","position":2,"name":"Politique de confidentialit\u00e9"}]},{"@type":"WebSite","@id":"https:\/\/www.quatrevingtdouze.fr\/#website","url":"https:\/\/www.quatrevingtdouze.fr\/","name":"Quatrevingtdouze","description":"Nous cr\u00e9ons les images qui construisent votre image","publisher":{"@id":"https:\/\/www.quatrevingtdouze.fr\/#organization"},"potentialAction":[{"@type":"SearchAction","target":{"@type":"EntryPoint","urlTemplate":"https:\/\/www.quatrevingtdouze.fr\/?s={search_term_string}"},"query-input":{"@type":"PropertyValueSpecification","valueRequired":true,"valueName":"search_term_string"}}],"inLanguage":"en-US"},{"@type":"Organization","@id":"https:\/\/www.quatrevingtdouze.fr\/#organization","name":"Quatrevingtdouze","url":"https:\/\/www.quatrevingtdouze.fr\/","logo":{"@type":"ImageObject","inLanguage":"en-US","@id":"https:\/\/www.quatrevingtdouze.fr\/#\/schema\/logo\/image\/","url":"https:\/\/www.quatrevingtdouze.fr\/wp-content\/uploads\/2018\/05\/Logo-Quatrevingtdouze.jpg","contentUrl":"https:\/\/www.quatrevingtdouze.fr\/wp-content\/uploads\/2018\/05\/Logo-Quatrevingtdouze.jpg","width":170,"height":96,"caption":"Quatrevingtdouze"},"image":{"@id":"https:\/\/www.quatrevingtdouze.fr\/#\/schema\/logo\/image\/"},"sameAs":["https:\/\/x.com\/Quatrevingtdouz","https:\/\/www.instagram.com\/quatrevingtdouz\/","https:\/\/www.quatrevingtdouze.fr\/linkedin.com\/in\/david-paget","https:\/\/www.youtube.com\/channel\/UCz3H2-oQOT36aUJxtkAiWLQ\/featured?view_as=public"]}]}},"_links":{"self":[{"href":"https:\/\/www.quatrevingtdouze.fr\/index.php\/wp-json\/wp\/v2\/pages\/72","targetHints":{"allow":["GET"]}}],"collection":[{"href":"https:\/\/www.quatrevingtdouze.fr\/index.php\/wp-json\/wp\/v2\/pages"}],"about":[{"href":"https:\/\/www.quatrevingtdouze.fr\/index.php\/wp-json\/wp\/v2\/types\/page"}],"author":[{"embeddable":true,"href":"https:\/\/www.quatrevingtdouze.fr\/index.php\/wp-json\/wp\/v2\/users\/1"}],"replies":[{"embeddable":true,"href":"https:\/\/www.quatrevingtdouze.fr\/index.php\/wp-json\/wp\/v2\/comments?post=72"}],"version-history":[{"count":2,"href":"https:\/\/www.quatrevingtdouze.fr\/index.php\/wp-json\/wp\/v2\/pages\/72\/revisions"}],"predecessor-version":[{"id":285,"href":"https:\/\/www.quatrevingtdouze.fr\/index.php\/wp-json\/wp\/v2\/pages\/72\/revisions\/285"}],"wp:attachment":[{"href":"https:\/\/www.quatrevingtdouze.fr\/index.php\/wp-json\/wp\/v2\/media?parent=72"}],"curies":[{"name":"wp","href":"https:\/\/api.w.org\/{rel}","templated":true}]}}